{"id":11410,"date":"2016-12-05T16:27:32","date_gmt":"2016-12-05T16:27:32","guid":{"rendered":"https:\/\/consulting.vamtam.com\/?page_id=11410"},"modified":"2020-09-11T18:13:47","modified_gmt":"2020-09-11T18:13:47","slug":"about","status":"publish","type":"page","link":"https:\/\/riskconsulting.rs\/en\/about\/","title":{"rendered":"About us"},"content":{"rendered":"<div class=\"vgblk-rw-wrapper limit-wrapper\"><h2>\n\tProfessionalism and experience in:\n\t<\/h2>\n\t<ul>\n<li>\n<h5>Risk management<\/h5>\n<\/li>\n<li>\n<h5>Management consulting<\/h5>\n<\/li>\n<li>\n<h5>Tool development<\/h5>\n<\/li>\n<li>\n<h5>NPL management<\/h5>\n<\/li>\n<li>\n<h5>Financial services<\/h5>\n<\/li>\n<\/ul>\n<h2>\n\tAbout us\n\t<\/h2>\n\t<h4>Team of business professionals with significant global and CEE region experience in Banking, Consulting and Software.<\/h4>\n\t\t\t\t\t\t\t<img width=\"1707\" height=\"2560\" src=\"https:\/\/riskconsulting.rs\/wp-content\/uploads\/2020\/09\/nemanjamarkovic-scaled.jpg\" alt=\"\" loading=\"lazy\" srcset=\"data:image\/svg+xml;utf8,&lt;svg%20xmlns=&quot;http:\/\/www.w3.org\/2000\/svg&quot;%20viewBox=&quot;0%200%201707%202560&quot;%20height=&quot;2560px&quot;%20width=&quot;1707px&quot;\/&gt;\" data-srcset=\"https:\/\/riskconsulting.rs\/wp-content\/uploads\/2020\/09\/nemanjamarkovic-scaled.jpg 1707w, https:\/\/riskconsulting.rs\/wp-content\/uploads\/2020\/09\/nemanjamarkovic-200x300.jpg 200w, https:\/\/riskconsulting.rs\/wp-content\/uploads\/2020\/09\/nemanjamarkovic-683x1024.jpg 683w, https:\/\/riskconsulting.rs\/wp-content\/uploads\/2020\/09\/nemanjamarkovic-768x1152.jpg 768w, https:\/\/riskconsulting.rs\/wp-content\/uploads\/2020\/09\/nemanjamarkovic-1024x1536.jpg 1024w, https:\/\/riskconsulting.rs\/wp-content\/uploads\/2020\/09\/nemanjamarkovic-1365x2048.jpg 1365w, https:\/\/riskconsulting.rs\/wp-content\/uploads\/2020\/09\/nemanjamarkovic-1260x1890.jpg 1260w, https:\/\/riskconsulting.rs\/wp-content\/uploads\/2020\/09\/nemanjamarkovic-630x945.jpg 630w, https:\/\/riskconsulting.rs\/wp-content\/uploads\/2020\/09\/nemanjamarkovic-420x630.jpg 420w, https:\/\/riskconsulting.rs\/wp-content\/uploads\/2020\/09\/nemanjamarkovic-840x1260.jpg 840w, https:\/\/riskconsulting.rs\/wp-content\/uploads\/2020\/09\/nemanjamarkovic-315x473.jpg 315w\" sizes=\"(max-width: 1707px) 100vw, 1707px\" data-attachment-id=\"17134\" data-permalink=\"https:\/\/riskconsulting.rs\/pocetna\/nemanjamarkovic\/\" data-orig-file=\"https:\/\/riskconsulting.rs\/wp-content\/uploads\/2020\/09\/nemanjamarkovic-scaled.jpg\" data-orig-size=\"1707,2560\" data-comments-opened=\"1\" data-image-meta=\"{&quot;aperture&quot;:&quot;2.5&quot;,&quot;credit&quot;:&quot;&quot;,&quot;camera&quot;:&quot;Canon EOS 6D&quot;,&quot;caption&quot;:&quot;&quot;,&quot;created_timestamp&quot;:&quot;1591361719&quot;,&quot;copyright&quot;:&quot;&quot;,&quot;focal_length&quot;:&quot;45&quot;,&quot;iso&quot;:&quot;200&quot;,&quot;shutter_speed&quot;:&quot;0.02&quot;,&quot;title&quot;:&quot;&quot;,&quot;orientation&quot;:&quot;0&quot;}\" data-image-title=\"nemanjamarkovic\" data-image-description=\"\" data-medium-file=\"https:\/\/riskconsulting.rs\/wp-content\/uploads\/2020\/09\/nemanjamarkovic-200x300.jpg\" data-large-file=\"https:\/\/riskconsulting.rs\/wp-content\/uploads\/2020\/09\/nemanjamarkovic-683x1024.jpg\" \/>\t\t\t\n\t\t\t\t\t<h5>Managing partner<\/h5>\n\t\t<h3>\n\t\t\t\t\t\t\tNemanja Markovi\u0107\t\t\t\t\t<\/h3>\n\t\t\t\t\t<a href=\"tel:+381 60 6123 684\" title=\"Call Nemanja Markovi\u0107\">Tel: +381 60 6123 684<\/a>\n\t\t\t\t\t\t\t<a href=\"mailto:nemanja.markovic@riskconsulting.rs\" title=\"email Nemanja Markovi\u0107\">nemanja.markovic@riskconsulting.rs<\/a>\n\t<p>Nemanja Markovi\u0107 has over 13 years of experience in Risk management, risk and financial consulting. He graduated from the Faculty of Economics in Belgrade on Finance, banking and insurance.<\/p>\n<p>Director of the Risk control department within the Banking group that operates in south eastern Europe; Managed a team of more than 20 people in three areas of bank risk management (credit risk control, market risk and liquidity control and operational Risk &amp; ICS).<\/p>\n<p>He was a long-time member of the Risk Committee of the Association of Serbian Banks.<\/p>\n<p>The leader of the IFRS 9 implementation project at International banking group level.<\/p>\n<p>He was engaged in several projects of evaluation and due diligence within the bank and as an independent consultant.<\/p>\n<p>Engaged in analyses and acquisitions of multiple portfolio of problematic loans<\/p>\n\t\t\t\t\t\t\t<img width=\"1707\" height=\"2560\" src=\"https:\/\/riskconsulting.rs\/wp-content\/uploads\/2020\/09\/aljosababic-min-scaled.jpg\" alt=\"\" loading=\"lazy\" srcset=\"data:image\/svg+xml;utf8,&lt;svg%20xmlns=&quot;http:\/\/www.w3.org\/2000\/svg&quot;%20viewBox=&quot;0%200%201707%202560&quot;%20height=&quot;2560px&quot;%20width=&quot;1707px&quot;\/&gt;\" data-srcset=\"https:\/\/riskconsulting.rs\/wp-content\/uploads\/2020\/09\/aljosababic-min-scaled.jpg 1707w, https:\/\/riskconsulting.rs\/wp-content\/uploads\/2020\/09\/aljosababic-min-200x300.jpg 200w, https:\/\/riskconsulting.rs\/wp-content\/uploads\/2020\/09\/aljosababic-min-683x1024.jpg 683w, https:\/\/riskconsulting.rs\/wp-content\/uploads\/2020\/09\/aljosababic-min-768x1152.jpg 768w, https:\/\/riskconsulting.rs\/wp-content\/uploads\/2020\/09\/aljosababic-min-1024x1536.jpg 1024w, https:\/\/riskconsulting.rs\/wp-content\/uploads\/2020\/09\/aljosababic-min-1365x2048.jpg 1365w, https:\/\/riskconsulting.rs\/wp-content\/uploads\/2020\/09\/aljosababic-min-1260x1890.jpg 1260w, https:\/\/riskconsulting.rs\/wp-content\/uploads\/2020\/09\/aljosababic-min-630x945.jpg 630w, https:\/\/riskconsulting.rs\/wp-content\/uploads\/2020\/09\/aljosababic-min-420x630.jpg 420w, https:\/\/riskconsulting.rs\/wp-content\/uploads\/2020\/09\/aljosababic-min-840x1260.jpg 840w, https:\/\/riskconsulting.rs\/wp-content\/uploads\/2020\/09\/aljosababic-min-315x473.jpg 315w\" sizes=\"(max-width: 1707px) 100vw, 1707px\" data-attachment-id=\"17136\" data-permalink=\"https:\/\/riskconsulting.rs\/pocetna\/aljosababic-min\/\" data-orig-file=\"https:\/\/riskconsulting.rs\/wp-content\/uploads\/2020\/09\/aljosababic-min-scaled.jpg\" data-orig-size=\"1707,2560\" data-comments-opened=\"1\" data-image-meta=\"{&quot;aperture&quot;:&quot;0&quot;,&quot;credit&quot;:&quot;&quot;,&quot;camera&quot;:&quot;&quot;,&quot;caption&quot;:&quot;&quot;,&quot;created_timestamp&quot;:&quot;0&quot;,&quot;copyright&quot;:&quot;&quot;,&quot;focal_length&quot;:&quot;0&quot;,&quot;iso&quot;:&quot;0&quot;,&quot;shutter_speed&quot;:&quot;0&quot;,&quot;title&quot;:&quot;&quot;,&quot;orientation&quot;:&quot;0&quot;}\" data-image-title=\"aljosababic-min\" data-image-description=\"\" data-medium-file=\"https:\/\/riskconsulting.rs\/wp-content\/uploads\/2020\/09\/aljosababic-min-200x300.jpg\" data-large-file=\"https:\/\/riskconsulting.rs\/wp-content\/uploads\/2020\/09\/aljosababic-min-683x1024.jpg\" \/>\t\t\t\n\t\t\t\t\t<h5>Managing partner<\/h5>\n\t\t<h3>\n\t\t\t\t\t\t\tAljo\u0161a Babi\u0107\t\t\t\t\t<\/h3>\n\t\t\t\t\t<a href=\"tel:+381 64 1984 907\" title=\"Call Aljo\u0161a Babi\u0107\">Tel: +381 64 1984 907 <\/a>\n\t\t\t\t\t\t\t<a href=\"mailto:aljosa.babic@riskconsulting.rs\" title=\"email Aljo\u0161a Babi\u0107\">aljosa.babic@riskconsulting.rs<\/a>\n\t<p>Aljo\u0161a Babi\u0107 has over 10 years of experience in risk analytics &amp; management, risk technology &amp; infrastructure, software development &amp; implementation and management consulting. He graduated from Faculty of Electrical Engineering in Belgrade, major in Electronics, and holds master degree from Faculty of Economics in Belgrade, major in Quantitative Finance.<\/p>\n<p>Head of Risk practice at SAS, including advisory, software implementation and business development.<\/p>\n<p>Designed and implemented SAS Risk management solutions for leading CEE banking group. Worked on credit risk models development &amp; validation for IFRS 9, Basel III, etc.<\/p>\n<p>Lead risk analytics project stream at middle-eastern tax authority as part of Oliver Wyman team, within VAT implementation project.<\/p>\n<p>Lead market risk &amp; FRTB project streams at Global Tier 1 investment bank as part of EY UK team.<\/p>\n<p>Conducted economic capital assessments and stressed tests for global development bank.<\/p>\n<p>Developed and implemented software solutions for Basel II RWA &amp; capital requirements calculation for credit, market and operational risk.<\/p>\n<\/div><!-- .vgblk-rw-wrapper -->","protected":false},"excerpt":{"rendered":"<p>Stru\u010dnost i iskustvo u: Upravljanje rizikom Menad\u017ement konsalting Razvoj alata NPL management Finansijske usluge O nama Tim poslovnih profesionalaca sa zna\u010dajnim regionalnim iskustvom u sektoru bankarstva i finansijskih usluga. Managing&#8230;<\/p>","protected":false},"author":1,"featured_media":0,"parent":0,"menu_order":0,"comment_status":"closed","ping_status":"closed","template":"","meta":{"inline_featured_image":false},"_links":{"self":[{"href":"https:\/\/riskconsulting.rs\/en\/wp-json\/wp\/v2\/pages\/11410"}],"collection":[{"href":"https:\/\/riskconsulting.rs\/en\/wp-json\/wp\/v2\/pages"}],"about":[{"href":"https:\/\/riskconsulting.rs\/en\/wp-json\/wp\/v2\/types\/page"}],"author":[{"embeddable":true,"href":"https:\/\/riskconsulting.rs\/en\/wp-json\/wp\/v2\/users\/1"}],"replies":[{"embeddable":true,"href":"https:\/\/riskconsulting.rs\/en\/wp-json\/wp\/v2\/comments?post=11410"}],"version-history":[{"count":13,"href":"https:\/\/riskconsulting.rs\/en\/wp-json\/wp\/v2\/pages\/11410\/revisions"}],"predecessor-version":[{"id":17206,"href":"https:\/\/riskconsulting.rs\/en\/wp-json\/wp\/v2\/pages\/11410\/revisions\/17206"}],"wp:attachment":[{"href":"https:\/\/riskconsulting.rs\/en\/wp-json\/wp\/v2\/media?parent=11410"}],"curies":[{"name":"wp","href":"https:\/\/api.w.org\/{rel}","templated":true}]}}